{"id":28,"date":"2024-09-02T10:52:23","date_gmt":"2024-09-02T10:52:23","guid":{"rendered":"https:\/\/logenhaus-herford.de\/?page_id=28"},"modified":"2024-09-02T10:52:23","modified_gmt":"2024-09-02T10:52:23","slug":"impressum","status":"publish","type":"page","link":"https:\/\/logenhaus-herford.de\/index.php\/impressum\/","title":{"rendered":"Impressum"},"content":{"rendered":"\n<p><strong>Angaben gem\u00e4\u00df \u00a7 5 TMG<\/strong><\/p>\n\n\n\n<p>Freimaurerloge\/Johannisloge\u00a0 &#8222;Zur Roten Erde&#8220;<\/p>\n\n\n\n<p>Logenplatz 2-4<\/p>\n\n\n\n<p>32052 Herford<\/p>\n\n\n\n<p><strong>Vorstand:<\/strong> Ulrich Dissmann<\/p>\n\n\n\n<p><strong>Vereinsregister:<\/strong> Altvereinsregister Reg.Pr\u00e4s.Detmold<\/p>\n\n\n\n<h2 class=\"wp-block-heading\">Datenschutz <\/h2>\n\n\n\n<p>Diese Datenschutzerkl\u00e4rung soll die Nutzer dieser Website \u00fcber die Art, den Umfang und den Zweck der Erhebung und Verwendung personenbezogener Daten durch den Websitebetreiber [Freimaurerloge &#8222;Zur roten Erde&#8220; Logenplatz 2-4, 32051Herford] informieren.<\/p>\n\n\n\n<h4 class=\"wp-block-heading\" id=\"1610706888\">Grundlage f\u00fcr die Datenerfassung&nbsp;<\/h4>\n\n\n\n<p>Der Websitebetreiber nimmt Ihren Datenschutz sehr ernst und behandelt Ihre personenbezogenen Daten vertraulich und entsprechend der gesetzlichen Vorschriften. Da durch neue Technologien und die st\u00e4ndige Weiterentwicklung dieser Webseite \u00c4nderungen an dieser Datenschutzerkl\u00e4rung vorgenommen werden k\u00f6nnen, empfehlen wir Ihnen sich die Datenschutzerkl\u00e4rung in regelm\u00e4\u00dfigen Abst\u00e4nden wieder durchzulesen.<br><br>Definitionen der verwendeten Begriffe (z.B. \u201cpersonenbezogene Daten\u201d oder \u201cVerarbeitung\u201d) finden Sie in Art. 4 DSGVO.<br><\/p>\n\n\n\n<h4 class=\"wp-block-heading\" id=\"1905670103\">Welche Daten werden erfasst?<\/h4>\n\n\n\n<p>Wir erfassen zwei Arten von Daten und Informationen von Benutzern.&nbsp;<br>Zur ersten Kategorie geh\u00f6ren nicht identifizierende und nicht identifizierbare Benutzerdaten, die durch die Nutzung der Webseite bereitgestellt oder erfasst werden (\u201e&nbsp;<strong>Nicht personenbezogene Daten<\/strong>&nbsp;\u201c). Wir kennen die Identit\u00e4t des Benutzers nicht, von dem nicht personenbezogene Daten erfasst wurden. Zu den nicht personenbezogenen Daten, die erfasst werden k\u00f6nnen, geh\u00f6ren aggregierte Nutzungsdaten und technische Daten, die von Ihrem Ger\u00e4t \u00fcbermittelt werden, einschlie\u00dflich bestimmter Informationen bez\u00fcglich Software und Hardware (z.&nbsp;B. auf dem Ger\u00e4t verwendeter Browser und verwendetes Betriebssystem, Spracheinstellung, Zugriffszeit usw.). Anhand dieser Daten verbessern wir die Funktionalit\u00e4t unserer Webseite. Wir k\u00f6nnen auch Daten \u00fcber Ihre Aktivit\u00e4t auf der Webseite erfassen (z.&nbsp;B. aufgerufene Seiten, Surfverhalten, Klicks, Aktionen usw.).<br>Zur zweiten Kategorie geh\u00f6ren&nbsp;<strong>personenbezogene Daten<\/strong>&nbsp;, also Daten, die eine Einzelperson identifizieren oder durch angemessene Ma\u00dfnahmen identifizieren k\u00f6nnen. Zu solchen Daten geh\u00f6ren:<\/p>\n\n\n\n<ul class=\"wp-block-list\">\n<li>Ger\u00e4tedaten: Wir erfassen personenbezogene Daten von Ihrem Ger\u00e4t. Solche Daten umfassen Geolocation-Daten, IP-Adresse, eindeutige Kennungen (z.\u00a0B. MAC-Adresse und UUID) sowie andere Daten, die sich aus Ihrer Aktivit\u00e4t auf der Webseite ergeben.<\/li>\n\n\n\n<li>Registrierungsdaten: Wenn Sie sich auf unserer Webseite registrieren, werden Sie um die Angabe bestimmter Informationen gebeten, z.\u00a0B.: Vor- und Nachname, E-Mail-Adresse oder Anschrift bzw. andere Information.\u00a0\u00a0<\/li>\n<\/ul>\n\n\n\n<h4 class=\"wp-block-heading\" id=\"1372771500\">Wie erhalten wir Daten \u00fcber Sie?<\/h4>\n\n\n\n<p>Wir beziehen Ihre personenbezogenen Daten aus verschiedenen Quellen:<\/p>\n\n\n\n<ul class=\"wp-block-list\">\n<li>Sie stellen uns solche Daten freiwillig bereit, zum Beispiel bei der Registrierung auf unserer Webseite.<\/li>\n\n\n\n<li>Wir erhalten solche Daten, wenn Sie unsere Webseite nutzen oder in Verbindung mit einem unserer Services darauf zugreifen.<\/li>\n\n\n\n<li>Wir erhalten solche Daten von anderen Anbietern, Services und aus \u00f6ffentlichen Registern (zum Beispiel von Datentraffic-Analyseanbietern).<\/li>\n<\/ul>\n\n\n\n<h4 class=\"wp-block-heading\" id=\"1087790239\">Welche Daten werden erfasst?<\/h4>\n\n\n\n<p>Wir geben Benutzerdaten nicht an Dritte weiter, au\u00dfer wie in diesen Datenschutzbestimmungen beschrieben.Wir verwenden Daten f\u00fcr folgende Zwecke:<br>-Zur Kommunikation mit Ihnen-Hosten und Betreiben unserer Webseite-Wir k\u00f6nnen Daten auch offenlegen, wenn wir im guten Glauben sind, dies ist hilfreich oder angemessen, um: geltenden Gesetzen, Vorschriften, Gerichtsverfahren oder beh\u00f6rdlichen Anfragen zu entsprechen; illegale Aktivit\u00e4ten oder anderes Fehlverhalten, Betrugsverdacht oder Sicherheitsprobleme zu untersuchen, zu erkennen, zu verhindern oder Ma\u00dfnahmen dagegen zu ergreifen; eigene Rechtsanspr\u00fcche geltend zu machen oder durchzusetzen bzw. uns gegen die Anspr\u00fcche anderer zu verteidigen; die Rechte, das Eigentum oder unsere Sicherheit, die Sicherheit unserer Benutzer, Ihre Sicherheit oder die Sicherheit von Dritten zu sch\u00fctzen; oder um mit Strafverfolgungsbeh\u00f6rden zusammenzuarbeiten und\/oder geistiges Eigentum oder andere Rechtsanspr\u00fcche zu sch\u00fctzen.<\/p>\n\n\n\n<h4 class=\"wp-block-heading\" id=\"1617332657\">Benutzerrechte<\/h4>\n\n\n\n<p>Sie haben folgende Rechte:&nbsp;<\/p>\n\n\n\n<ol class=\"wp-block-list\">\n<li><\/li>\n<\/ol>\n\n\n\n<p>Eine Best\u00e4tigung, ob und inwieweit Ihre personenbezogenen Daten verwendet und verarbeitet werden, sowie den Zugriff auf die \u00fcber Sie gespeicherten personenbezogenen Daten und zus\u00e4tzliche Informationen anfordern.<br>Eine Kopie der personenbezogenen Daten, die Sie uns freiwillig bereitgestellt haben, in einem strukturierten, g\u00e4ngigen und maschinenlesbaren Format anfordern.<br>Eine Berichtigung der personenbezogenen Daten, die wir von Ihnen gespeichert haben, anfordern.<br>Das L\u00f6schen Ihrer personenbezogenen Daten beantragen.<br>Der Verarbeitung Ihrer personenbezogenen Daten durch uns widersprechen.<br>Die Einschr\u00e4nkung der Verarbeitung Ihrer personenbezogenen Daten durch uns beantragen.Eine Beschwerde bei einer Aufsichtsbeh\u00f6rde einreichen.Beachten Sie jedoch, dass diese Rechte nicht uneingeschr\u00e4nkt gelten, sondern unseren eigenen rechtm\u00e4\u00dfigen Interessen sowie beh\u00f6rdlichen Vorschriften unterliegen.<br>a) Ihre Rechte als BetroffenerBez\u00fcglich Ihrer personenbezogenen Daten haben Sie uns gegen\u00fcber folgende Rechte: Recht auf Auskunft; Recht auf Berichtigung oder L\u00f6schung; Recht auf Einschr\u00e4nkung der Verarbeitung; Recht auf Widerspruch gegen die Verarbeitung; Recht auf Daten\u00fcbertragbarkeit. Die Einzelheiten hierzu entnehmen Sie bitte Art. 15 ff. DS-GVO.Ferner haben Sie das Recht, sich bei einer Datenschutz-Aufsichtsbeh\u00f6rde \u00fcber die Verarbeitung Ihrer personenbezogenen Daten durch uns zu beschweren. Die Einzelheiten hierzu entnehmen Sie bitte Art. 77 Abs. 1 DS-GVO.b) Widerruf von erteilten EinwilligungenSofern Sie in die Verarbeitung Ihrer Daten durch uns eingewilligt haben, k\u00f6nnen Sie diese Einwilligung jederzeit widerrufen. Sofern keine gesetzlichen Aufbewahrungspflichten bestehen, werden wir Ihre personenbezogenen Daten nach Ihrem Widerruf l\u00f6schen und nicht mehr verarbeiten.In den vorgenannten F\u00e4llen, in denen wir die Datenverarbeitung auf Art. 6 Abs. 1 S. 1 lit. f) DS-GVO st\u00fctzen, k\u00f6nnen Sie aus Gr\u00fcnden, die sich aus ihrer besonderen Situation ergeben, jederzeit gegen die Verarbeitung Sie betreffender personenbezogener Daten Widerspruch einlegen. Nach Ihrem Widerspruch werden wir Ihre personenbezogenen Daten nicht mehr verarbeiten, es sei denn, wir k\u00f6nnen zwingende schutzw\u00fcrdige Gr\u00fcnde f\u00fcr die Verarbeitung nachweisen, die Ihre Interessen, Rechte und Freiheiten \u00fcberwiegen, oder die Verarbeitung dient der Geltendmachung, Aus\u00fcbung oder Verteidigung von Rechtsanspr\u00fcchen. Um pr\u00fcfen zu k\u00f6nnen, ob Ihre Interessen, Rechte und Freiheiten \u00fcberwiegen, bitten wir Sie, diese in Ihrem Widerspruch im Einzelnen darzulegen.Ihren Widerruf richten Sie bitte an unsere oben genannten Kontaktdaten oder senden Sie eine Mail an unseren Datenschutzbeauftragten via :&nbsp; sekretaer@freimaurer-heford..de.<\/p>\n\n\n\n<h4 class=\"wp-block-heading\" id=\"1729442191\">Speicherung<\/h4>\n\n\n\n<p>Wir speichern Ihre personenbezogenen Daten so lange, wie es f\u00fcr die Bereitstellung unserer Services, die Einhaltung rechtlicher Verpflichtungen sowie die Beilegung von Streitigkeiten und die Durchsetzung unserer Richtlinien erforderlich ist. Die Aufbewahrungsfristen richten sich nach der Art der erfassten Daten und dem Zweck, f\u00fcr den diese Daten erfasst wurden, wobei sowohl die fallspezifischen Gegebenheiten als auch die Notwendigkeit ber\u00fccksichtigt werden, veraltete, nicht genutzte Informationen baldm\u00f6glichst zu l\u00f6schen. Datens\u00e4tze mit personenbezogenen Daten von Kunden, Dokumente \u00fcber die Kontoeinrichtung, Mitteilungen und andere Daten speichern wir gem\u00e4\u00df geltender Gesetze und Vorschriften.&nbsp;<\/p>\n\n\n\n<p>Wir k\u00f6nnen jederzeit und in unserem alleinigen Ermessen unvollst\u00e4ndige oder unrichtige Daten korrigieren, vervollst\u00e4ndigen oder entfernen.<br><br>a) Browser-Daten<\/p>\n\n\n\n<p>Beim Besuch unserer Webseite werden ausschlie\u00dflich technisch notwendige Daten ausgetauscht, die Ihr Browser automatisch an unseren Server \u00fcbermittelt. Diese sind:<\/p>\n\n\n\n<p>\u2013 IP-Adresse<\/p>\n\n\n\n<p>\u2013 Browsertyp, Sprache und Version der Browsersoftware<\/p>\n\n\n\n<p>\u2013 Betriebssystem<\/p>\n\n\n\n<p>\u2013 Datum und Uhrzeit des Besuchs<\/p>\n\n\n\n<p>\u2013 Aufgerufene Webseite<\/p>\n\n\n\n<p>\u2013 Zugriffsstatus\/HTTP-Statuscode<\/p>\n\n\n\n<p>\u2013 jeweils \u00fcbertragene Datenmenge<\/p>\n\n\n\n<p>\u2013 die Webseite, von der aus Sie auf unsere Webseite gelangen.<\/p>\n\n\n\n<p>Der Austausch dieser Daten ist technisch erforderlich, um unsere Webseiten anzuzeigen sowie deren Stabilit\u00e4t und Sicherheit zu gew\u00e4hrleisten. Rechts\u00acgrundlage hierf\u00fcr ist Art. 6 Abs. 1 S. 1 lit. f) DS-GVO.<\/p>\n\n\n\n<p>&#8212;&#8212;&#8212;&#8212;&#8212;&#8212;&#8212;&#8212;&#8212;&#8212;-<\/p>\n\n\n\n<p>Bei einer Kontaktaufnahme per E-Mail oder \u00fcber das Kontaktformular werden die mitgeteilten Daten (E-Mail-Adresse, ggf. Name oder Pseudonym, Inhalt der Nachricht) gespeichert, soweit und solange es notwendig ist, um Ihre Anfrage bearbeiten und\/oder beantworten zu k\u00f6nnen. Rechtsgrundlage hierf\u00fcr ist Art. 6 Abs. 1 S. 1 lit. f) DS-GVO.<\/p>\n\n\n\n<p>d) Links zu Webseiten Dritter<\/p>\n\n\n\n<p>Unsere Webseite enth\u00e4lt Links zu Webseiten Dritter. Dies bedeutet, dass Ihre Browser-Daten nicht an die Betreiber dieser Webseiten \u00fcbertragen werden, solange Sie den jeweiligen Link nicht anklicken bzw. aktivieren. Erst wenn Sie einen solchen Link anklicken bzw. aktivieren, werden Sie auf die entsprechende Webseite des Dritten weitergeleitet.<\/p>\n\n\n\n<p>Die Verlinkung erfolgt, um Ihnen einen direkten Zugang zu den Webseiten dieser Dritten zu erm\u00f6glichen. Rechtsgrundlage hierf\u00fcr ist Art. 6 Abs. 1 S. 1 lit. f) DS-GVO.<\/p>\n\n\n\n<p>Bitte beachten Sie, dass die Webseiten Dritter ihrerseits personenbezogene Daten erheben. Da wir auf deren Datenerhebung keinen Einfluss haben, empfehlen wir Ihnen, vorab die jeweiligen Datenschutzerkl\u00e4rungen dieser Webseiten zur lesen. Bitte beachten Sie zudem, dass wir f\u00fcr die Einhaltung des Datenschutzes durch die Dritten und f\u00fcr die Inhalte deren Webseiten keine Haftung \u00fcbernehmen<\/p>\n\n\n\n<h4 class=\"wp-block-heading\" id=\"1543336870\">Cookies<\/h4>\n\n\n\n<p>Wir und unsere vertrauensw\u00fcrdigen Partner verwenden Cookies und andere Technologien in unseren zugeh\u00f6rigen Services, einschlie\u00dflich bei Ihrem Besuch unserer Webseite oder bei Ihrem Zugriff auf unsere Services.&nbsp;<\/p>\n\n\n\n<p>Ein \u201eCookie\u201c ist eine kleine Dateieinheit, die eine Webseite Ihrem Ger\u00e4t zuweist, w\u00e4hrend Sie diese aufrufen. Cookies sind sehr n\u00fctzlich und k\u00f6nnen f\u00fcr verschiedene Zwecke verwendet werden. Dazu geh\u00f6ren die problemlose Seitennavigation, eine m\u00f6gliche automatische Aktivierung von bestimmten Funktionen, die Speicherung Ihrer Einstellungen sowie eine schnelle und einfache Interaktion zwischen Ihnen und unseren Services. Cookies werden auch verwendet, um Ihnen relevante, f\u00fcr Sie interessante Werbeanzeigen einzublenden und Statistiken \u00fcber Ihre Nutzung unserer Services zusammenzustellen.&nbsp;<\/p>\n\n\n\n<p>Auf der Webseite werden folgende Arten von Cookies eingesetzt:<\/p>\n\n\n\n<p><strong>a. \u201eSession-Cookies\u201c<\/strong>&nbsp;werden nur vor\u00fcbergehend w\u00e4hrend einer Browsersitzung verwendet, um eine normale Systemnutzung zu erm\u00f6glichen. Diese Cookies werden von Ihrem Ger\u00e4t gel\u00f6scht, sobald der Browser geschlossen wird.&nbsp;<\/p>\n\n\n\n<p><strong>b. \u201ePersistente Cookies<\/strong>&nbsp;\u201c werden nur von der Webseite gelesen, auf Ihrem Computer f\u00fcr einen festgelegten Zeitraum gespeichert und nicht gel\u00f6scht, wenn der Browser geschlossen wird. Solche Cookies werden verwendet, damit wir Sie bei einem wiederholten Besuch erkennen. Dadurch k\u00f6nnen wir beispielsweise Ihre Einstellungen f\u00fcr die n\u00e4chste Anmeldung speichern.&nbsp;<\/p>\n\n\n\n<p><strong>c. \u201eCookies von Dritten\u201c<\/strong>&nbsp;werden von anderen Onlineservices platziert, die Inhalte auf der angezeigten Seite ausf\u00fchren, zum Beispiel von externen Analyseunternehmen, die den Zugriff auf unsere Webseite \u00fcberwachen und analysieren.<\/p>\n\n\n\n<p>Cookies enthalten keine Daten, anhand derer Sie identifiziert werden k\u00f6nnen. Personenbezogene Daten, die wir von Ihnen speichern, werden m\u00f6glicherweise von uns mit den in Cookies gespeicherten und von Cookies abgerufenen Daten verkn\u00fcpft. Informationen zum Entfernen dieser Cookies stehen in den Anweisungen der Ger\u00e4teeinstellungen. Beachten Sie, dass durch das Deaktivieren von Cookies einige Funktionen unserer Webseite m\u00f6glicherweise nicht mehr ordnungsgem\u00e4\u00df funktionieren und Ihre Online-Erfahrung dadurch m\u00f6glicherweise eingeschr\u00e4nkt wird.<\/p>\n\n\n\n<p>Wir verwenden auch das Tool \u201eGoogle Analytics\u201c, um Daten \u00fcber Ihre Nutzung der Webseite zu erfassen. Google Analytics erfasst beispielsweise, wie h\u00e4ufig die Webseite aufgerufen wird, welche Seiten bei einem Besuch aufgerufen werden usw. Wir verwenden die Google Analytics-Daten nur zur Verbesserung unserer Webseite und Services. Google Analytics erfasst die Ihnen am Tag Ihres Besuchs der Webseite zugewiesene IP-Adresse und nicht Ihren Namen oder andere identifizierbare Daten. Wir f\u00fchren die erfassten Google Analytics-Daten nicht mit personenbezogenen Daten zusammen. Die M\u00f6glichkeiten von Google, die von Google Analytics erfassten Daten \u00fcber Ihre Besuche auf dieser Webseite zu verwenden und freizugeben, unterliegen den&nbsp;<a href=\"https:\/\/www.freimaurer-herford.de\/\">Nutzungsbedingungen<\/a>&nbsp;von Google Analytics und der&nbsp;<a href=\"https:\/\/www.freimaurer-herford.de\/\">Datenschutzerkl\u00e4rung von Google<\/a>.<\/p>\n\n\n\n<h4 class=\"wp-block-heading\" id=\"1105468944\">Erfassung von Daten durch Dritte<\/h4>\n\n\n\n<p>In dieser Richtlinie werden nur die Nutzung und Offenlegung von Daten, die wir von Ihnen erfassen, behandelt. Wenn Sie Daten auf anderen Webseiten ver\u00f6ffentlichen oder Dritten im Internet offenlegen, gelten m\u00f6glicherweise andere Bestimmungen. Lesen Sie sich daher die allgemeinen Gesch\u00e4ftsbedingungen und Datenschutzbestimmungen immer sorgf\u00e4ltig durch, wenn Sie Daten offenlegen.&nbsp;<\/p>\n\n\n\n<p>Diese Datenschutzbestimmungen beziehen sich nicht auf Gesch\u00e4ftspraktiken von Unternehmen, die sich nicht in unserem Besitz befinden bzw. nicht unter unserer Kontrolle stehen, oder auf andere Personen als unsere Angestellten und Mitarbeiter, einschlie\u00dflich Dritter, denen wir diese Daten wie in diesen Datenschutzbestimmungen beschrieben offenlegen.&nbsp;<br><\/p>\n\n\n\n<p>Unsere Webseite enth\u00e4lt Links zu Webseiten Dritter. Dies bedeutet, dass Ihre Browser-Daten nicht an die Betreiber dieser Webseiten \u00fcbertragen werden, solange Sie den jeweiligen Link nicht anklicken bzw. aktivieren. Erst wenn Sie einen solchen Link anklicken bzw. aktivieren, werden Sie auf die entsprechende Webseite des Dritten weitergeleitet.<\/p>\n\n\n\n<p>Die Verlinkung erfolgt, um Ihnen einen direkten Zugang zu den Webseiten dieser Dritten zu erm\u00f6glichen. Rechtsgrundlage hierf\u00fcr ist Art. 6 Abs. 1 S. 1 lit. f) DS-GVO.<\/p>\n\n\n\n<p>Bitte beachten Sie, dass die Webseiten Dritter ihrerseits personenbezogene Daten erheben. Da wir auf deren Datenerhebung keinen Einfluss haben, empfehlen wir Ihnen, vorab die jeweiligen Datenschutzerkl\u00e4rungen dieser Webseiten zur lesen. Bitte beachten Sie zudem, dass wir f\u00fcr die Einhaltung des Datenschutzes durch die Dritten und f\u00fcr die Inhalte deren Webseiten keine Haftung \u00fcbernehmen.<\/p>\n\n\n\n<h4 class=\"wp-block-heading\" id=\"1067398200\">Wie sch\u00fctzen wir Ihre Daten?<\/h4>\n\n\n\n<p>Wir setzen die Sicherheitsma\u00dfnahmen auf der Webseite mit gro\u00dfer Sorgfalt um und sch\u00fctzen Ihre Daten. Wir verwenden in der Branche \u00fcbliche Verfahren und Richtlinien, um den Schutz der erfassten und gespeicherten Daten sicherzustellen, und verhindern die unbefugte Verwendung solcher Daten. Wir verlangen au\u00dferdem von Dritten, dass sie sich gem\u00e4\u00df diesen Datenschutzbestimmungen an \u00e4hnliche Sicherheitsanforderungen halten. Obwohl wir angemessene Schritte f\u00fcr den Schutz von Daten unternehmen, k\u00f6nnen wir nicht verantwortlich gemacht werden f\u00fcr Handlungen von jenen, die sich unbefugten Zugang zu unserer Webseite verschafft haben oder diese missbr\u00e4uchlich verwenden, und wir geben keine ausdr\u00fcckliche noch stillschweigende Gew\u00e4hr, dass wir einen solchen Zugriff verhindern k\u00f6nnen.<\/p>\n\n\n\n<h4 class=\"wp-block-heading\" id=\"1681956669\">Minderj\u00e4hrige<\/h4>\n\n\n\n<p>Der Schutz der Daten von Kindern ist insbesondere im Online-Bereich sehr wichtig. Die Webseite ist nicht f\u00fcr Kinder konzipiert und richtet sich nicht an diese. Die Nutzung unserer Services durch Minderj\u00e4hrige ist nur mit der vorherigen Einwilligung oder Autorisierung von einem Elternteil oder Erziehungsberechtigten zul\u00e4ssig. Wir erfassen personenbezogene Daten von Minderj\u00e4hrigen nicht wissentlich. Wenn ein Elternteil oder Erziehungsberechtigter Kenntnis davon erlangt, dass sein oder ihr Kind uns personenbezogene Daten ohne deren Einwilligung bereitgestellt hat, kann er\/sie sich unter sekret\u00e4r@freimaurer-herford.de an uns wenden.<\/p>\n\n\n\n<h4 class=\"wp-block-heading\" id=\"1922236974\">Aktualisierungen oder \u00c4nderungen dieser Datenschutzbestimmungen<\/h4>\n\n\n\n<p>Wir behalten uns das Recht vor, diese Datenschutzbestimmungen von Zeit zu Zeit zu \u00e4ndern oder zu pr\u00fcfen. Sie finden das Datum der aktuellen Version unter \u201eZuletzt ge\u00e4ndert am\u201c. Ihre fortgesetzte Nutzung der Plattform nach der Bekanntmachung solcher \u00c4nderungen auf unserer Webseite stellt Ihre Zustimmung zu solchen \u00c4nderungen an den Datenschutzbestimmungen dar und gilt als Ihr Einverst\u00e4ndnis der Bindung an die ge\u00e4nderten Bestimmungen.<\/p>\n\n\n\n<h4 class=\"wp-block-heading\" id=\"1873544870\">So erreichen Sie uns<\/h4>\n\n\n\n<p>Wenden Sie sich bei allgemeinen Fragen zur Webseite, zu den von uns \u00fcber Sie erfassten Daten oder der Verwendung dieser Daten an: sekret\u00e4r@freimaurer-herford.de.<\/p>\n\n\n\n<p>Zuletzt ge\u00e4ndert am&nbsp;15.07.2023<\/p>\n","protected":false},"excerpt":{"rendered":"<p>Angaben gem\u00e4\u00df \u00a7 5 TMG Freimaurerloge\/Johannisloge\u00a0 &#8222;Zur Roten Erde&#8220; Logenplatz 2-4 32052 Herford Vorstand: Ulrich Dissmann Vereinsregister: Altvereinsregister Reg.Pr\u00e4s.Detmold Datenschutz Diese Datenschutzerkl\u00e4rung soll die Nutzer dieser Website \u00fcber die Art, den Umfang und den Zweck der Erhebung und Verwendung personenbezogener Daten durch den Websitebetreiber [Freimaurerloge &#8222;Zur roten Erde&#8220; Logenplatz 2-4, 32051Herford] informieren. Grundlage f\u00fcr die [&hellip;]<\/p>\n","protected":false},"author":1,"featured_media":0,"parent":0,"menu_order":0,"comment_status":"closed","ping_status":"closed","template":"","meta":{"footnotes":""},"class_list":["post-28","page","type-page","status-publish","hentry"],"_links":{"self":[{"href":"https:\/\/logenhaus-herford.de\/index.php\/wp-json\/wp\/v2\/pages\/28","targetHints":{"allow":["GET"]}}],"collection":[{"href":"https:\/\/logenhaus-herford.de\/index.php\/wp-json\/wp\/v2\/pages"}],"about":[{"href":"https:\/\/logenhaus-herford.de\/index.php\/wp-json\/wp\/v2\/types\/page"}],"author":[{"embeddable":true,"href":"https:\/\/logenhaus-herford.de\/index.php\/wp-json\/wp\/v2\/users\/1"}],"replies":[{"embeddable":true,"href":"https:\/\/logenhaus-herford.de\/index.php\/wp-json\/wp\/v2\/comments?post=28"}],"version-history":[{"count":1,"href":"https:\/\/logenhaus-herford.de\/index.php\/wp-json\/wp\/v2\/pages\/28\/revisions"}],"predecessor-version":[{"id":29,"href":"https:\/\/logenhaus-herford.de\/index.php\/wp-json\/wp\/v2\/pages\/28\/revisions\/29"}],"wp:attachment":[{"href":"https:\/\/logenhaus-herford.de\/index.php\/wp-json\/wp\/v2\/media?parent=28"}],"curies":[{"name":"wp","href":"https:\/\/api.w.org\/{rel}","templated":true}]}}